{"id":4439,"date":"2021-10-08T13:56:11","date_gmt":"2021-10-08T11:56:11","guid":{"rendered":"https:\/\/avellana.ro\/datenschutz-bestimmungen\/"},"modified":"2021-10-08T13:56:21","modified_gmt":"2021-10-08T11:56:21","slug":"datenschutz-bestimmungen","status":"publish","type":"page","link":"https:\/\/avellana.ro\/de\/datenschutz-bestimmungen\/","title":{"rendered":"Datenschutz-Bestimmungen"},"content":{"rendered":"\t\t<div data-elementor-type=\"wp-page\" data-elementor-id=\"4439\" class=\"elementor elementor-4439\">\n\t\t\t\t\t\t<section class=\"elementor-section elementor-top-section elementor-element elementor-element-aadc8f7 elementor-section-boxed elementor-section-height-default elementor-section-height-default\" data-id=\"aadc8f7\" data-element_type=\"section\">\n\t\t\n\t\t\t\t\t\t\t<div class=\"elementor-container elementor-column-gap-default\">\n\t\t\t\t\t\t\t\t\t\t\t<div class=\"elementor-column elementor-col-100 elementor-top-column elementor-element elementor-element-21426597\" data-id=\"21426597\" data-element_type=\"column\">\n\t\t\t\t\t<div class=\"elementor-widget-wrap elementor-element-populated\">\n\t\t\t\t\t\t\t\t<div class=\"elementor-element elementor-element-607be6f elementor-widget elementor-widget-text-editor\" data-id=\"607be6f\" data-element_type=\"widget\" data-widget_type=\"text-editor.default\">\n\t\t\t\t<div class=\"elementor-widget-container\">\n\t\t\t\t\t\t\t\t\t<\/p>\n<h2>Datenschutz-Bestimmungen<\/h2>\n<\/p>\n<h2>1. Allgemeine Information<\/h2>\n<\/p>\n<p><meta charset=\"utf-8\">AVELLANA (SC AVELANNA HARVEST NATURA SRL), Str. lon Luca Caragiale, Nr. 22, Arad, Richter. Arad, Rum\u00e4nien (\u201eAVELLANA\u201c oder \u201ewir\u201c oder \u201euns\/uns\u201c) ist der Betreiber, der alle personenbezogenen Daten verarbeitet, die \u00fcber diese Website gesammelt werden, die unserer Marke <meta charset=\"utf-8\">AVELLANA (\u201eWebsite\u201c) gewidmet ist. <meta charset=\"utf-8\"> AVELLANA respektiert Ihre Privatsph\u00e4re und verpflichtet sich, Ihre Daten zu sch\u00fctzen. sch\u00fctzen personenbezogene Daten und verwalten sie in \u00dcbereinstimmung mit unserer gesetzlichen Verantwortung gegen\u00fcber den geltenden Datenschutzgesetzen.<\/p>\n<\/p>\n<p>Bitte lesen Sie diese Datenschutzrichtlinie sorgf\u00e4ltig durch, da sie wichtige Informationen enth\u00e4lt, die Ihnen helfen, unsere Praktiken in Bezug auf personenbezogene Daten zu verstehen, die Sie uns zur Verf\u00fcgung stellen oder die wir anderweitig im Zusammenhang mit Ihrer Nutzung der Website sammeln (\u201epersonenbezogene Daten\u201c).<\/p>\n<\/p>\n<h2>2. Welche personenbezogenen Daten wir erheben und wie wir Ihre Daten verwenden. pers\u00f6nlich<\/h2>\n<\/p>\n<p>Sie k\u00f6nnen die meisten Bereiche unserer Website nutzen, ohne dass Sie personenbezogene Daten angeben m\u00fcssen. F\u00fcr bestimmte Dienstleistungen oder Aktivit\u00e4ten m\u00fcssen Sie personenbezogene Daten angeben, damit Ihnen die angeforderte Dienstleistung \/ Produkt angeboten werden oder an Aktivit\u00e4ten teilnehmen kann. Die mit einem Sternchen gekennzeichneten Angaben auf unserer Website sind Pflichtangaben. Wenn Sie uns die erforderlichen Informationen nicht zur Verf\u00fcgung stellen, k\u00f6nnen wir Ihre Dienstleistung \/ Ihr Produkt nicht liefern oder Sie k\u00f6nnen nicht an Aktivit\u00e4ten teilnehmen. Neben der Bereitstellung der f\u00fcr die Teilnahme an Aktivit\u00e4ten \/ Kampagnen erforderlichen Informationen erheben wir beim Besuch unserer Website bestimmte Informationen.<\/p>\n<\/p>\n<h3>2.1. Teilnahme an Aktionen, Verlosung von Preisen, Wettbewerben<\/h3>\n<\/p>\n<p>Wenn Sie an Gewinnspielen oder Veranstaltungen teilnehmen, werden Sie je nach Kampagne, Verlosung oder Gewinnspielen nach Ihrem Namen, E-Mail-Adresse, Wohnadresse, Telefonnummer und einigen Antworten auf offene Fragen gefragt. Wenn wir Ihnen die Preise per E-Mail zusenden m\u00fcssen (z. B. Tickets oder Produkte), fragen wir Sie auch nach Ihrer Anschrift oder nach anderen spezifischen Details, die f\u00fcr die Zusendung des Preises erforderlich sind. Diese Angaben ben\u00f6tigen wir zur Bearbeitung Ihrer Teilnahme. und mit Ihnen kommunizieren zu k\u00f6nnen. im Zusammenhang mit dem Gewinn oder um Ihnen die Gewinne zuzusenden. Alle Informationen im Zusammenhang mit der Teilnahme an unseren Aktionen, Gewinnspielen und Gewinnspielen werden von uns f\u00fcr einen Zeitraum von maximal 6 Monaten nach Ende des Gewinnspiels aufbewahrt. Die Informationen werden nicht f\u00fcr andere Zwecke verwendet, es sei denn, Sie wurden ausdr\u00fccklich auf diese Zwecke hingewiesen und \/ oder Ihre vorherige Zustimmung wurde nicht eingeholt.<\/p>\n<\/p>\n<h3>2.2. Erforderliche Angaben bei der Kontaktaufnahme<\/h3>\n<\/p>\n<p>Wenn Sie unsere Website besuchen und eine Frage oder einen Kommentar haben, k\u00f6nnen Sie unser Kontaktformular nutzen. Sie werden gebeten, Ihren Namen und Ihre E-Mail-Adresse sowie nat\u00fcrlich Informationen zu Ihrer Bewerbung anzugeben. Wir werden die Informationen nur verwenden, um Ihre Frage zu beantworten. Wir werden Ihre Anfragen und Fragen, unsere Antworten und andere Ma\u00dfnahmen zur Bearbeitung Ihrer Anfrage aufzeichnen. Wir bewahren alle Informationen 6 Monate lang auf, nachdem Ihre Frage oder Beschwerde gekl\u00e4rt oder die Anfrage abgeschlossen wurde.<\/p>\n<\/p>\n<h3>2.3. Informationen zu Ihrem Besuch oder Nutzung unserer Website<\/h3>\n<\/p>\n<p>Wir erfassen bestimmte Informationen, wenn Sie unsere Website besuchen, wie Ihre IP-Adresse, von Ihnen besuchte Webseiten, Ger\u00e4tetyp, Browser und jede Art von Internetbrowser, Klicks und Ansichten. Informationen \u00fcber Ihre Nutzung unserer Website und unserer Dienste erm\u00f6glichen es uns, Segmente bzw. Gruppen von Website-Besuchern oder Kunden mit einer Reihe gemeinsamer Merkmale wie Altersgruppe, Geschlecht oder Region zu bilden. Wir werden Sie wahrscheinlich zu einem unserer Segmente hinzuf\u00fcgen. Wir verwenden Segmente, um unsere Website individuell anzupassen und beispielsweise die Reihenfolge von Suchergebnissen oder die Platzierung bestimmter Angebote zu \u00e4ndern, damit Sie diese mit h\u00f6herer Wahrscheinlichkeit sehen. Wir k\u00f6nnen auch Segmente verwenden, um Online-Werbung anzuzeigen, die unserer Meinung nach f\u00fcr Sie relevant ist, und um Ihnen Gesch\u00e4ftsnachrichten zu senden.<\/p>\n<\/p>\n<p>Wir verwenden diese personenbezogenen Daten, weil es f\u00fcr unsere berechtigten Interessen erforderlich ist, um unsere Produkte und Dienstleistungen bei Verbrauchern und Besuchern unserer Website zu bewerben, aber auch, um mehr Verbraucher anzuziehen oder den Verkauf unserer Produkte und Dienstleistungen zu verbessern. Wir bewahren Ihre personenbezogenen Daten maximal 14 Monate auf.<\/p>\n<\/p>\n<h3>2.4. Marketing<\/h3>\n<\/p>\n<p>Informationen zu Ihren Suchanfragen online (Klicks und Aufrufe), Ihre Einstellung auf unserer Website k\u00f6nnen Kundendienstanfragen und Kontakthistorie von uns kombiniert werden. Diese Informationen erm\u00f6glichen es uns, verschiedene Kan\u00e4le f\u00fcr die Verwaltung von Beziehungen und Marketingaktivit\u00e4ten f\u00fcr unsere Produkte und Dienstleistungen f\u00fcr Sie zu nutzen. per E-Mail, Direktwerbung, soziale Netzwerke, Telefon- oder Online-Werbung, die die Personalisierung der Inhalte und Angebote der Website umfassen kann, damit sie auf Ihre Pr\u00e4ferenzen zugeschnitten sind. Sie k\u00f6nnen sich jederzeit gegen den Erhalt unseres Newsletters, der Direktwerbung, der sozialen Medien und des Telefons abmelden und der Verwendung Ihrer Daten jederzeit widersprechen. personenbezogen f\u00fcr Direktmarketingzwecke (weitere Informationen hierzu finden Sie in den folgenden Abs\u00e4tzen).<\/p>\n<\/p>\n<p>Wir verwenden diese personenbezogenen Daten, weil es unser berechtigtes Interesse ist, unsere Produkte und Dienstleistungen bei Kunden und Website-Besuchern zu bewerben, aber auch, um mehr Kunden zu gewinnen oder den Verkauf unserer Produkte zu verbessern. Wir speichern Ihre personenbezogenen Daten wie angegeben f\u00fcr die jeweiligen Zwecke, f\u00fcr die sie erhoben wurden (z. B. wenn Sie uns kontaktieren, wenn Sie unsere Website besuchen, wenn Sie an den Verlosungen teilnehmen). Personenbezogene Daten werden in der Regel innerhalb von maximal 14 Monaten gel\u00f6scht oder anonymisiert.<\/p>\n<\/p>\n<h3>2.5. Pflege und Optimierung unserer Website<\/h3>\n<\/p>\n<p>Personenbezogene Daten k\u00f6nnen auch f\u00fcr die Wartung und Analyse unserer Website verwendet werden, um Leistungsprobleme zu beheben, die Verf\u00fcgbarkeit und das Benutzererlebnis zu verbessern. Wir protokollieren jede Nutzung unserer Website.<\/p>\n<\/p>\n<p>Wir verwenden Ihre Daten personenbezogene Daten zu diesen Zwecken f\u00fcr unsere berechtigten Interessen erforderlich sind, und die Informationen werden f\u00fcr einen Zeitraum von maximal 14 Monaten aufbewahrt. Nutzungsprotokolle unserer Website werden innerhalb von 14 Monaten nach Erstellung gel\u00f6scht.<\/p>\n<\/p>\n<h2>3. Wie wir Ihre Daten weitergeben pers\u00f6nlich<\/h2>\n<\/p>\n<p>M\u00f6glicherweise m\u00fcssen wir personenbezogene Daten an Dritte weitergeben, damit wir Dienstleistungen und Produkte f\u00fcr Sie bereitstellen k\u00f6nnen. und um unsere Website zu betreiben. Diese Dritten sind:<\/p>\n<\/p>\n<ul>\n<li>Dienstleister &#8211; soweit erforderlich, um uns eine Dienstleistung zu erbringen und Datenanalysedienste bereitzustellen;<\/li>\n<li>Dienstleister, die uns bei der Organisation von Kampagnen und Werbeaktionen unterst\u00fctzen;<\/li>\n<li>gro\u00dfe und dritte Werbeunternehmen;<\/li>\n<li>Medienagenturen f\u00fcr Marketing- und Forschungszwecke;<\/li>\n<\/ul>\n<\/p>\n<p>Diese Parteien k\u00f6nnen ihren Sitz in der Europ\u00e4ischen Union oder in anderen L\u00e4ndern des Europ\u00e4ischen Wirtschaftsraums (EWR) oder \u00fcberall auf der Welt haben. Wenn personenbezogene Daten von uns au\u00dferhalb des EWR gespeichert werden, stellen wir ein angemessenes Schutzniveau der \u00fcbermittelten Daten sicher. Wir bitten Dienstleister, geeignete Ma\u00dfnahmen zum Schutz der Vertraulichkeit und Sicherheit personenbezogener Daten zu ergreifen.<\/p>\n<\/p>\n<p>Wir k\u00f6nnen personenbezogene Daten auch an Strafverfolgungsbeh\u00f6rden weitergeben, um einer gesetzlichen Verpflichtung oder einem Urteil nachzukommen.<\/p>\n<\/p>\n<h2>4. Sicherheit personenbezogener Daten<\/h2>\n<\/p>\n<p>Wir werden geeignete technische, physische und organisatorische Ma\u00dfnahmen ergreifen, um die \u00fcber die Website gesammelten personenbezogenen Daten vor Missbrauch oder versehentlicher, illegaler oder unbefugter Zerst\u00f6rung, Verlust, \u00c4nderung, Offenlegung, Erwerb oder Zugriff auf sie zu sch\u00fctzen, Ma\u00dfnahmen, die mit den geltenden Gesetzen und Vorschriften vereinbar sind zum Thema Datenschutz und Sicherheit. Keine Website kann jedoch zu 100 % sicher sein und wir k\u00f6nnen nicht f\u00fcr unbefugte oder unbeabsichtigte Zugriffe au\u00dferhalb unserer Kontrolle verantwortlich gemacht werden.<\/p>\n<\/p>\n<p>Unsere Website enth\u00e4lt Links zu anderen Websites. Wir sind nicht verantwortlich f\u00fcr die Datenschutzpraktiken, den Inhalt oder die Sicherheit anderer Websites, die nicht dieser Datenschutzrichtlinie unterliegen. Wir empfehlen Ihnen, die Datenschutzrichtlinien anderer Websites immer sorgf\u00e4ltig zu lesen.<\/p>\n<\/p>\n<h2>5. Speicherung Ihrer Daten pers\u00f6nlich<\/h2>\n<\/p>\n<p>Wir werden Ihre Daten aufbewahren. solange es rechtlich erforderlich ist oder wir Ihnen die angeforderten Dienste bereitstellen m\u00fcssen oder f\u00fcr einen der anderen in dieser Datenschutzrichtlinie aufgef\u00fchrten Zwecke. Die spezifischen Aufbewahrungsfristen sind in dieser Datenschutzrichtlinie f\u00fcr jeden relevanten Zweck aufgef\u00fchrt. Wir werden angemessene Schritte unternehmen, um die von uns gespeicherten personenbezogenen Daten zu vernichten oder zu anonymisieren, wenn sie f\u00fcr die oben genannten Zwecke nicht mehr erforderlich sind oder nach Ablauf der festgelegten Aufbewahrungsfrist.<\/p>\n<\/p>\n<h2>6. Cookie-Modul<\/h2>\n<\/p>\n<p>Ein wichtiger Teil der in dieser Datenschutzrichtlinie erw\u00e4hnten Informationen wird durch die Verwendung von Cookies und anderen \u00e4hnlichen Techniken gesammelt. Cookies sind kleine Textdateien, die kleine Mengen an Informationen enthalten, die heruntergeladen werden und auf Ihrem Endger\u00e4t gespeichert werden k\u00f6nnen, z.B. auf Ihrem Computer, Smartphone oder Tablet. Die von uns verwendeten Techniken, die Cookies \u00e4hneln k\u00f6nnen, sind Pixel\u00fcberwachung, Java-Scripts, Labels und Web Beacons. Diese Cookies und \u00e4hnliche Techniken werden manchmal ben\u00f6tigt, um Sie an Ihre Kontoeinstellungen, Sprache und Ihr Land zu erinnern, aber sie erm\u00f6glichen uns auch, Ihr Verhalten auf unserer Website zu messen und zu analysieren und Ihnen personalisierte Werbung anzuzeigen Parteien. Gegebenenfalls m\u00fcssen Sie unserer Verwendung von Cookies zustimmen. Weitere Informationen dar\u00fcber, welche Cookies wir verwenden und wie wir sie verwenden, finden Sie in unserer Cookie-Richtlinie in der Fu\u00dfzeile dieser Website.<\/p>\n<\/p>\n<h2>7. Soziale Netzwerke<\/h2>\n<\/p>\n<p>Sie haben die M\u00f6glichkeit, Informationen auf unserer Website \u00fcber soziale Netzwerke wie Facebook, Instagram, LinkedIn und YouTube zu teilen. Dies bedeutet, dass die von Ihnen geteilten Informationen mit Namen und Pr\u00e4ferenzen f\u00fcr Besucher Ihrer Seiten sichtbar sind. pers\u00f6nlich. Wir empfehlen Ihnen, die Datenschutzrichtlinien der sozialen Netzwerke von Drittanbietern sorgf\u00e4ltig zu lesen, da diese f\u00fcr die Verarbeitung Ihrer Daten gelten. pers\u00f6nlich von diesen Parteien.<\/p>\n<\/p>\n<h2>8. Ihre Rechte auf Auskunft, Berichtigung, L\u00f6schung, Einschr\u00e4nkung und \u00dcbertragbarkeit von Daten<\/h2>\n<\/p>\n<p>Sie haben das Recht, eine \u00dcbersicht \u00fcber Ihre Daten zu verlangen. pers\u00f6nlich von uns oder in unserem Auftrag verarbeitet. Sie haben das Recht auf Berichtigung, L\u00f6schung oder Einschr\u00e4nkung der Daten (soweit zutreffend). Sie k\u00f6nnen dieses Recht aus\u00fcben, indem Sie uns \u00fcber das Online-Formular auf der Website kontaktieren, um uns eine Anfrage zum Datenschutz zu senden. Bitte beachten Sie, dass Antr\u00e4ge auf Neuausstellung von Antr\u00e4gen gestellt werden k\u00f6nnen, die den Anforderungen des geltenden Rechts oder der AVELANNA-Richtlinien nicht entsprechen, oder diese m\u00f6glicherweise abgelehnt werden und dass bestimmte personenbezogene Daten von solchen Antr\u00e4gen ausgenommen sein k\u00f6nnen L\u00f6schung, in \u00dcbereinstimmung mit den geltenden Datenschutzgesetzen oder anderen Gesetzen und Vorschriften. Bitte beachten Sie, dass Sie personenbezogene Daten auch l\u00f6schen k\u00f6nnen, indem Sie den Benutzer deaktivieren; wir bewahren jedoch personenbezogene Daten auf, wenn dies gesetzlich vorgeschrieben ist, was f\u00fcr die Vertriebssteuerung gilt.<\/p>\n<\/p>\n<p>Sie haben das Recht, die von Ihnen bereitgestellten personenbezogenen Daten in einem strukturierten, g\u00e4ngigen und elektronisch lesbaren Format zu erhalten und unter Umst\u00e4nden geben wir Ihre Daten auf Ihren Wunsch an einen anderen Betreiber weiter, soweit dies technisch machbar ist.<\/p>\n<\/p>\n<h2>9. Dein Recht ablehnen<\/h2>\n<\/p>\n<p>Sie haben auch das Recht, unter bestimmten Umst\u00e4nden von uns zu verlangen, die Verarbeitung Ihrer Daten einzustellen. personenbezogen, aber wenn wir zwingende berechtigte Gr\u00fcnde haben, werden wir Ihre Daten weiterhin verarbeiten. mit pers\u00f6nlichem Charakter. Sie haben jedoch das Recht, unserer Verwendung Ihrer Daten zu widersprechen. personenbezogen f\u00fcr Direktmarketing, einschlie\u00dflich Profilerstellung, und wenn Sie dies tun, werden wir Ihrer Anfrage nachkommen. Wenn Sie der Verwendung Ihrer Daten durch uns zugestimmt haben. Sie haben das Recht, Ihre Einwilligung pers\u00f6nlich zu widerrufen, unbeschadet der Rechtm\u00e4\u00dfigkeit der Verwendung dieser Daten bis zum Widerruf.<\/p>\n<\/p>\n<h2>10. Aktualisierungen<\/h2>\n<\/p>\n<p>Diese Datenschutzrichtlinie wird laufend \u00fcberpr\u00fcft und regelm\u00e4\u00dfig aktualisiert. Alle \u00c4nderungen dieser Datenschutzrichtlinie werden auf unserer Website ver\u00f6ffentlicht und Ihnen, soweit m\u00f6glich, mitgeteilt.<\/p>\n<\/p>\n<h2>11. Kontakt<\/h2>\n<\/p>\n<p>Wenn Sie weitere Fragen oder Einw\u00e4nde gegen unsere Verwendung Ihrer Daten haben. personenbezogenen Daten oder eine Beschwerde bez\u00fcglich dieser Datenschutzrichtlinie oder der Verwaltung Ihrer Daten. pers\u00f6nlich, kontaktieren Sie uns bitte \u00fcber das Online-Formular auf der Website, um uns eine Datenschutzanfrage zu senden. Sie haben auch das Recht, eine Beschwerde bei der \u00f6rtlichen Beh\u00f6rde mit Datenschutzzust\u00e4ndigkeit einzureichen.<\/p><\/p>\n\t\t\t\t\t\t\t\t<\/div>\n\t\t\t\t<\/div>\n\t\t\t\t\t<\/div>\n\t\t\t\t<\/div>\n\t\t\t\t\t<\/div>\n\t\t\t\t<\/section>\n\t\t\t\t<\/div>\n\t\t","protected":false},"excerpt":{"rendered":"<p>Datenschutz-Bestimmungen 1. Allgemeine Information AVELLANA (SC AVELANNA HARVEST NATURA SRL), Str. lon Luca Caragiale, Nr. 22, Arad, Richter. Arad, Rum\u00e4nien (\u201eAVELLANA\u201c oder \u201ewir\u201c oder \u201euns\/uns\u201c) ist der Betreiber, der alle personenbezogenen Daten verarbeitet, die \u00fcber diese Website gesammelt werden, die unserer Marke AVELLANA (\u201eWebsite\u201c) gewidmet ist. AVELLANA respektiert Ihre Privatsph\u00e4re und verpflichtet sich, Ihre Daten [&hellip;]<\/p>\n","protected":false},"author":1,"featured_media":0,"parent":0,"menu_order":0,"comment_status":"closed","ping_status":"closed","template":"","meta":{"_monsterinsights_skip_tracking":false,"_monsterinsights_sitenote_active":false,"_monsterinsights_sitenote_note":"","_monsterinsights_sitenote_category":0,"footnotes":""},"class_list":["post-4439","page","type-page","status-publish","hentry"],"yoast_head":"<!-- This site is optimized with the Yoast SEO plugin v26.6 - https:\/\/yoast.com\/wordpress\/plugins\/seo\/ -->\n<title>Datenschutz-Bestimmungen - Avellana<\/title>\n<meta name=\"robots\" content=\"index, follow, max-snippet:-1, max-image-preview:large, max-video-preview:-1\" \/>\n<link rel=\"canonical\" href=\"https:\/\/avellana.ro\/de\/datenschutz-bestimmungen\/\" \/>\n<meta property=\"og:locale\" content=\"de_DE\" \/>\n<meta property=\"og:type\" content=\"article\" \/>\n<meta property=\"og:title\" content=\"Datenschutz-Bestimmungen - Avellana\" \/>\n<meta property=\"og:description\" content=\"Datenschutz-Bestimmungen 1. Allgemeine Information AVELLANA (SC AVELANNA HARVEST NATURA SRL), Str. lon Luca Caragiale, Nr. 22, Arad, Richter. Arad, Rum\u00e4nien (\u201eAVELLANA\u201c oder \u201ewir\u201c oder \u201euns\/uns\u201c) ist der Betreiber, der alle personenbezogenen Daten verarbeitet, die \u00fcber diese Website gesammelt werden, die unserer Marke AVELLANA (\u201eWebsite\u201c) gewidmet ist. AVELLANA respektiert Ihre Privatsph\u00e4re und verpflichtet sich, Ihre Daten [&hellip;]\" \/>\n<meta property=\"og:url\" content=\"https:\/\/avellana.ro\/de\/datenschutz-bestimmungen\/\" \/>\n<meta property=\"og:site_name\" content=\"Avellana\" \/>\n<meta property=\"article:modified_time\" content=\"2021-10-08T11:56:21+00:00\" \/>\n<meta name=\"twitter:card\" content=\"summary_large_image\" \/>\n<meta name=\"twitter:label1\" content=\"Gesch\u00e4tzte Lesezeit\" \/>\n\t<meta name=\"twitter:data1\" content=\"10\u00a0Minuten\" \/>\n<script type=\"application\/ld+json\" class=\"yoast-schema-graph\">{\"@context\":\"https:\/\/schema.org\",\"@graph\":[{\"@type\":\"WebPage\",\"@id\":\"https:\/\/avellana.ro\/de\/datenschutz-bestimmungen\/\",\"url\":\"https:\/\/avellana.ro\/de\/datenschutz-bestimmungen\/\",\"name\":\"Datenschutz-Bestimmungen - Avellana\",\"isPartOf\":{\"@id\":\"https:\/\/avellana.ro\/de\/#website\"},\"datePublished\":\"2021-10-08T11:56:11+00:00\",\"dateModified\":\"2021-10-08T11:56:21+00:00\",\"breadcrumb\":{\"@id\":\"https:\/\/avellana.ro\/de\/datenschutz-bestimmungen\/#breadcrumb\"},\"inLanguage\":\"de\",\"potentialAction\":[{\"@type\":\"ReadAction\",\"target\":[\"https:\/\/avellana.ro\/de\/datenschutz-bestimmungen\/\"]}]},{\"@type\":\"BreadcrumbList\",\"@id\":\"https:\/\/avellana.ro\/de\/datenschutz-bestimmungen\/#breadcrumb\",\"itemListElement\":[{\"@type\":\"ListItem\",\"position\":1,\"name\":\"Prima pagin\u0103\",\"item\":\"https:\/\/avellana.ro\/de\/\"},{\"@type\":\"ListItem\",\"position\":2,\"name\":\"Datenschutz-Bestimmungen\"}]},{\"@type\":\"WebSite\",\"@id\":\"https:\/\/avellana.ro\/de\/#website\",\"url\":\"https:\/\/avellana.ro\/de\/\",\"name\":\"Avellana\",\"description\":\"Alune din pasiune pentru s\u0103n\u0103tate\",\"potentialAction\":[{\"@type\":\"SearchAction\",\"target\":{\"@type\":\"EntryPoint\",\"urlTemplate\":\"https:\/\/avellana.ro\/de\/?s={search_term_string}\"},\"query-input\":{\"@type\":\"PropertyValueSpecification\",\"valueRequired\":true,\"valueName\":\"search_term_string\"}}],\"inLanguage\":\"de\"}]}<\/script>\n<!-- \/ Yoast SEO plugin. -->","yoast_head_json":{"title":"Datenschutz-Bestimmungen - Avellana","robots":{"index":"index","follow":"follow","max-snippet":"max-snippet:-1","max-image-preview":"max-image-preview:large","max-video-preview":"max-video-preview:-1"},"canonical":"https:\/\/avellana.ro\/de\/datenschutz-bestimmungen\/","og_locale":"de_DE","og_type":"article","og_title":"Datenschutz-Bestimmungen - Avellana","og_description":"Datenschutz-Bestimmungen 1. Allgemeine Information AVELLANA (SC AVELANNA HARVEST NATURA SRL), Str. lon Luca Caragiale, Nr. 22, Arad, Richter. Arad, Rum\u00e4nien (\u201eAVELLANA\u201c oder \u201ewir\u201c oder \u201euns\/uns\u201c) ist der Betreiber, der alle personenbezogenen Daten verarbeitet, die \u00fcber diese Website gesammelt werden, die unserer Marke AVELLANA (\u201eWebsite\u201c) gewidmet ist. AVELLANA respektiert Ihre Privatsph\u00e4re und verpflichtet sich, Ihre Daten [&hellip;]","og_url":"https:\/\/avellana.ro\/de\/datenschutz-bestimmungen\/","og_site_name":"Avellana","article_modified_time":"2021-10-08T11:56:21+00:00","twitter_card":"summary_large_image","twitter_misc":{"Gesch\u00e4tzte Lesezeit":"10\u00a0Minuten"},"schema":{"@context":"https:\/\/schema.org","@graph":[{"@type":"WebPage","@id":"https:\/\/avellana.ro\/de\/datenschutz-bestimmungen\/","url":"https:\/\/avellana.ro\/de\/datenschutz-bestimmungen\/","name":"Datenschutz-Bestimmungen - Avellana","isPartOf":{"@id":"https:\/\/avellana.ro\/de\/#website"},"datePublished":"2021-10-08T11:56:11+00:00","dateModified":"2021-10-08T11:56:21+00:00","breadcrumb":{"@id":"https:\/\/avellana.ro\/de\/datenschutz-bestimmungen\/#breadcrumb"},"inLanguage":"de","potentialAction":[{"@type":"ReadAction","target":["https:\/\/avellana.ro\/de\/datenschutz-bestimmungen\/"]}]},{"@type":"BreadcrumbList","@id":"https:\/\/avellana.ro\/de\/datenschutz-bestimmungen\/#breadcrumb","itemListElement":[{"@type":"ListItem","position":1,"name":"Prima pagin\u0103","item":"https:\/\/avellana.ro\/de\/"},{"@type":"ListItem","position":2,"name":"Datenschutz-Bestimmungen"}]},{"@type":"WebSite","@id":"https:\/\/avellana.ro\/de\/#website","url":"https:\/\/avellana.ro\/de\/","name":"Avellana","description":"Alune din pasiune pentru s\u0103n\u0103tate","potentialAction":[{"@type":"SearchAction","target":{"@type":"EntryPoint","urlTemplate":"https:\/\/avellana.ro\/de\/?s={search_term_string}"},"query-input":{"@type":"PropertyValueSpecification","valueRequired":true,"valueName":"search_term_string"}}],"inLanguage":"de"}]}},"_links":{"self":[{"href":"https:\/\/avellana.ro\/de\/wp-json\/wp\/v2\/pages\/4439","targetHints":{"allow":["GET"]}}],"collection":[{"href":"https:\/\/avellana.ro\/de\/wp-json\/wp\/v2\/pages"}],"about":[{"href":"https:\/\/avellana.ro\/de\/wp-json\/wp\/v2\/types\/page"}],"author":[{"embeddable":true,"href":"https:\/\/avellana.ro\/de\/wp-json\/wp\/v2\/users\/1"}],"replies":[{"embeddable":true,"href":"https:\/\/avellana.ro\/de\/wp-json\/wp\/v2\/comments?post=4439"}],"version-history":[{"count":4,"href":"https:\/\/avellana.ro\/de\/wp-json\/wp\/v2\/pages\/4439\/revisions"}],"predecessor-version":[{"id":4447,"href":"https:\/\/avellana.ro\/de\/wp-json\/wp\/v2\/pages\/4439\/revisions\/4447"}],"wp:attachment":[{"href":"https:\/\/avellana.ro\/de\/wp-json\/wp\/v2\/media?parent=4439"}],"curies":[{"name":"wp","href":"https:\/\/api.w.org\/{rel}","templated":true}]}}