{"id":4443,"date":"2021-10-08T15:00:11","date_gmt":"2021-10-08T13:00:11","guid":{"rendered":"https:\/\/avellana.ro\/geschaeftsbedingungen\/"},"modified":"2021-10-08T15:01:13","modified_gmt":"2021-10-08T13:01:13","slug":"geschaeftsbedingungen","status":"publish","type":"page","link":"https:\/\/avellana.ro\/de\/geschaeftsbedingungen\/","title":{"rendered":"Gesch\u00e4ftsbedingungen"},"content":{"rendered":"\n<h2 class=\"wp-block-heading\">Gesch\u00e4ftsbedingungen<\/h2>\n\n<h2 class=\"wp-block-heading\">1. Annahme der Bedingungen<\/h2>\n\n<p>Willkommen auf unserer Website, die der Marke AVELLANA gewidmet ist. Diese Allgemeinen Gesch\u00e4ftsbedingungen beeinflussen zusammen mit der <a href=\"\/politica-de-confidentialitatea\" target=\"_blank\" rel=\"noreferrer noopener\">Datenschutzrichtlinie<\/a> und der <a href=\"https:\/\/avellana.ro\/de\/cookie-richtlinie\/\" target=\"_blank\" rel=\"noreferrer noopener\">Cookie-Richtlinie<\/a> Ihren Besuch auf der Website.<\/p>\n\n<h2 class=\"wp-block-heading\">2. Anwendbarkeit<\/h2>\n\n<p>2.1. Diese Bedingungen gelten f\u00fcr alle Besuche dieser Website und f\u00fcr alle Nutzungsarten dieser Website, die der Firma <meta charset=\"utf-8\"\/> AVELLANA (SC AVELLANA HARVEST NATURA SRL) mit Sitz in Str. lon Luca Caragiale, Nr. 22, Arad, Richter. Arad, sowie alle Informationen, Empfehlungen und \/ oder Dienstleistungen, die Ihnen auf dieser Website oder \u00fcber diese Website bereitgestellt werden (&#8222;Informationen&#8220;).<\/p>\n\n<h2 class=\"wp-block-heading\"><\/h2>\n\n<p>2.2. Durch die Nutzung dieser Website erkl\u00e4ren Sie sich mit der Anwendbarkeit dieser Bedingungen einverstanden. Bitte beachten Sie, dass sich diese Bedingungen im Laufe der Zeit \u00e4ndern k\u00f6nnen. Diese \u00c4nderungen treten unmittelbar nach der Ver\u00f6ffentlichung der ge\u00e4nderten Bedingungen in Kraft. Benutzern der Website wird empfohlen, die Bedingungen regelm\u00e4\u00dfig zu lesen, um \u00c4nderungen zu sehen.<\/p>\n\n<h2 class=\"wp-block-heading\">3. Informationen und Verantwortung<\/h2>\n\n<p>3.1. Die Informationen dienen nur der allgemeinen Veranschaulichung und stellen keine Beratung dar.<meta charset=\"utf-8\"\/>AVELLANA haftet nicht f\u00fcr Sch\u00e4den, die aus der Nutzung (oder Unm\u00f6glichkeit der Nutzung) dieser Website entstehen, einschlie\u00dflich der Unrichtigkeit oder Unvollst\u00e4ndigkeit der Informationen, es sei denn, diese Sch\u00e4den beruhen auf Vorsatz oder grober Fahrl\u00e4ssigkeit von <meta charset=\"utf-8\"\/>AVELLANA.<\/p>\n\n<h2 class=\"wp-block-heading\"><\/h2>\n\n<p>3.2. Ebenfalls, <meta charset=\"utf-8\"\/>AVELLANA haftet nicht f\u00fcr Sch\u00e4den, die durch die Nutzung elektronischer Kommunikationsmittel entstehen, einschlie\u00dflich, aber nicht beschr\u00e4nkt auf Sch\u00e4den, die durch Nichtlieferung oder versp\u00e4tete Zustellung elektronischer Kommunikation, Abfangen oder Manipulation elektronischer Kommunikation entstehen durch Dritte; durch Computerprogramme, die f\u00fcr die elektronische Kommunikation und die \u00dcbertragung von Viren verwendet werden.<\/p>\n\n<h2 class=\"wp-block-heading\">4. Rechte an geistigem Eigentum<\/h2>\n\n<p>4.1. Die Website und alle ihre Inhalte, alle ihre Merkmale und Funktionalit\u00e4ten (einschlie\u00dflich, aber nicht beschr\u00e4nkt auf alle Informationen, Software, Texte, Anzeigeelemente, Bilder, Video- und Audioelemente sowie deren Gestaltung, Auswahl und Anordnung) sind Eigentum der Gesellschaft <meta charset=\"utf-8\"\/>AVELLANA, seine Lizenzgeber und andere Anbieter solcher Materialien und sind durch Urheberrechte, Marken, Patente, Gesch\u00e4ftsgeheimnisse und andere Gesetze in Bezug auf geistiges Eigentum oder Eigentumsrechte gesch\u00fctzt.<\/p>\n\n<h2 class=\"wp-block-heading\"><\/h2>\n\n<p>4.2. Sie d\u00fcrfen die Website nur f\u00fcr die Zwecke dieser Bedingungen nutzen. Es ist Ihnen gestattet, Kopien (von Teilen) der Website f\u00fcr Ihren pers\u00f6nlichen Gebrauch anzufertigen. Sie d\u00fcrfen keinen Teil des Inhalts unserer Website f\u00fcr andere Zwecke verwenden, ohne eine schriftliche Lizenz von uns einzuholen.<\/p>\n\n<h2 class=\"wp-block-heading\">5. Entsch\u00e4digung<\/h2>\n\n<p>Sie erkl\u00e4ren sich damit einverstanden, uns von und gegen alle Handlungen, Anspr\u00fcche und Verbindlichkeiten freizustellen, die sich aus oder im Zusammenhang mit einer Verletzung dieser Bedingungen oder einer illegalen Nutzung der Website ergeben.<\/p>\n\n<h2 class=\"wp-block-heading\">6. Sonstiges<\/h2>\n\n<p>Jeder der Abs\u00e4tze dieser Bedingungen gilt separat. Entscheidet ein zust\u00e4ndiges Gericht oder eine zust\u00e4ndige Beh\u00f6rde, dass einer von ihnen rechtswidrig oder nicht anwendbar ist, bleiben die verbleibenden Abs\u00e4tze uneingeschr\u00e4nkt anwendbar und in Kraft.<\/p>\n","protected":false},"excerpt":{"rendered":"<p>Gesch\u00e4ftsbedingungen 1. Annahme der Bedingungen Willkommen auf unserer Website, die der Marke AVELLANA gewidmet ist. Diese Allgemeinen Gesch\u00e4ftsbedingungen beeinflussen zusammen mit der Datenschutzrichtlinie und der Cookie-Richtlinie Ihren Besuch auf der Website. 2. Anwendbarkeit 2.1. Diese Bedingungen gelten f\u00fcr alle Besuche dieser Website und f\u00fcr alle Nutzungsarten dieser Website, die der Firma AVELLANA (SC AVELLANA HARVEST [&hellip;]<\/p>\n","protected":false},"author":1,"featured_media":0,"parent":0,"menu_order":0,"comment_status":"closed","ping_status":"closed","template":"","meta":{"_monsterinsights_skip_tracking":false,"_monsterinsights_sitenote_active":false,"_monsterinsights_sitenote_note":"","_monsterinsights_sitenote_category":0,"footnotes":""},"class_list":["post-4443","page","type-page","status-publish","hentry"],"yoast_head":"<!-- This site is optimized with the Yoast SEO plugin v26.6 - https:\/\/yoast.com\/wordpress\/plugins\/seo\/ -->\n<title>Gesch\u00e4ftsbedingungen - Avellana<\/title>\n<meta name=\"robots\" content=\"index, follow, max-snippet:-1, max-image-preview:large, max-video-preview:-1\" \/>\n<link rel=\"canonical\" href=\"https:\/\/avellana.ro\/de\/geschaeftsbedingungen\/\" \/>\n<meta property=\"og:locale\" content=\"de_DE\" \/>\n<meta property=\"og:type\" content=\"article\" \/>\n<meta property=\"og:title\" content=\"Gesch\u00e4ftsbedingungen - Avellana\" \/>\n<meta property=\"og:description\" content=\"Gesch\u00e4ftsbedingungen 1. Annahme der Bedingungen Willkommen auf unserer Website, die der Marke AVELLANA gewidmet ist. Diese Allgemeinen Gesch\u00e4ftsbedingungen beeinflussen zusammen mit der Datenschutzrichtlinie und der Cookie-Richtlinie Ihren Besuch auf der Website. 2. Anwendbarkeit 2.1. Diese Bedingungen gelten f\u00fcr alle Besuche dieser Website und f\u00fcr alle Nutzungsarten dieser Website, die der Firma AVELLANA (SC AVELLANA HARVEST [&hellip;]\" \/>\n<meta property=\"og:url\" content=\"https:\/\/avellana.ro\/de\/geschaeftsbedingungen\/\" \/>\n<meta property=\"og:site_name\" content=\"Avellana\" \/>\n<meta property=\"article:modified_time\" content=\"2021-10-08T13:01:13+00:00\" \/>\n<meta name=\"twitter:card\" content=\"summary_large_image\" \/>\n<meta name=\"twitter:label1\" content=\"Gesch\u00e4tzte Lesezeit\" \/>\n\t<meta name=\"twitter:data1\" content=\"2\u00a0Minuten\" \/>\n<script type=\"application\/ld+json\" class=\"yoast-schema-graph\">{\"@context\":\"https:\/\/schema.org\",\"@graph\":[{\"@type\":\"WebPage\",\"@id\":\"https:\/\/avellana.ro\/de\/geschaeftsbedingungen\/\",\"url\":\"https:\/\/avellana.ro\/de\/geschaeftsbedingungen\/\",\"name\":\"Gesch\u00e4ftsbedingungen - Avellana\",\"isPartOf\":{\"@id\":\"https:\/\/avellana.ro\/de\/#website\"},\"datePublished\":\"2021-10-08T13:00:11+00:00\",\"dateModified\":\"2021-10-08T13:01:13+00:00\",\"breadcrumb\":{\"@id\":\"https:\/\/avellana.ro\/de\/geschaeftsbedingungen\/#breadcrumb\"},\"inLanguage\":\"de\",\"potentialAction\":[{\"@type\":\"ReadAction\",\"target\":[\"https:\/\/avellana.ro\/de\/geschaeftsbedingungen\/\"]}]},{\"@type\":\"BreadcrumbList\",\"@id\":\"https:\/\/avellana.ro\/de\/geschaeftsbedingungen\/#breadcrumb\",\"itemListElement\":[{\"@type\":\"ListItem\",\"position\":1,\"name\":\"Prima pagin\u0103\",\"item\":\"https:\/\/avellana.ro\/de\/\"},{\"@type\":\"ListItem\",\"position\":2,\"name\":\"Gesch\u00e4ftsbedingungen\"}]},{\"@type\":\"WebSite\",\"@id\":\"https:\/\/avellana.ro\/de\/#website\",\"url\":\"https:\/\/avellana.ro\/de\/\",\"name\":\"Avellana\",\"description\":\"Alune din pasiune pentru s\u0103n\u0103tate\",\"potentialAction\":[{\"@type\":\"SearchAction\",\"target\":{\"@type\":\"EntryPoint\",\"urlTemplate\":\"https:\/\/avellana.ro\/de\/?s={search_term_string}\"},\"query-input\":{\"@type\":\"PropertyValueSpecification\",\"valueRequired\":true,\"valueName\":\"search_term_string\"}}],\"inLanguage\":\"de\"}]}<\/script>\n<!-- \/ Yoast SEO plugin. -->","yoast_head_json":{"title":"Gesch\u00e4ftsbedingungen - Avellana","robots":{"index":"index","follow":"follow","max-snippet":"max-snippet:-1","max-image-preview":"max-image-preview:large","max-video-preview":"max-video-preview:-1"},"canonical":"https:\/\/avellana.ro\/de\/geschaeftsbedingungen\/","og_locale":"de_DE","og_type":"article","og_title":"Gesch\u00e4ftsbedingungen - Avellana","og_description":"Gesch\u00e4ftsbedingungen 1. Annahme der Bedingungen Willkommen auf unserer Website, die der Marke AVELLANA gewidmet ist. Diese Allgemeinen Gesch\u00e4ftsbedingungen beeinflussen zusammen mit der Datenschutzrichtlinie und der Cookie-Richtlinie Ihren Besuch auf der Website. 2. Anwendbarkeit 2.1. Diese Bedingungen gelten f\u00fcr alle Besuche dieser Website und f\u00fcr alle Nutzungsarten dieser Website, die der Firma AVELLANA (SC AVELLANA HARVEST [&hellip;]","og_url":"https:\/\/avellana.ro\/de\/geschaeftsbedingungen\/","og_site_name":"Avellana","article_modified_time":"2021-10-08T13:01:13+00:00","twitter_card":"summary_large_image","twitter_misc":{"Gesch\u00e4tzte Lesezeit":"2\u00a0Minuten"},"schema":{"@context":"https:\/\/schema.org","@graph":[{"@type":"WebPage","@id":"https:\/\/avellana.ro\/de\/geschaeftsbedingungen\/","url":"https:\/\/avellana.ro\/de\/geschaeftsbedingungen\/","name":"Gesch\u00e4ftsbedingungen - Avellana","isPartOf":{"@id":"https:\/\/avellana.ro\/de\/#website"},"datePublished":"2021-10-08T13:00:11+00:00","dateModified":"2021-10-08T13:01:13+00:00","breadcrumb":{"@id":"https:\/\/avellana.ro\/de\/geschaeftsbedingungen\/#breadcrumb"},"inLanguage":"de","potentialAction":[{"@type":"ReadAction","target":["https:\/\/avellana.ro\/de\/geschaeftsbedingungen\/"]}]},{"@type":"BreadcrumbList","@id":"https:\/\/avellana.ro\/de\/geschaeftsbedingungen\/#breadcrumb","itemListElement":[{"@type":"ListItem","position":1,"name":"Prima pagin\u0103","item":"https:\/\/avellana.ro\/de\/"},{"@type":"ListItem","position":2,"name":"Gesch\u00e4ftsbedingungen"}]},{"@type":"WebSite","@id":"https:\/\/avellana.ro\/de\/#website","url":"https:\/\/avellana.ro\/de\/","name":"Avellana","description":"Alune din pasiune pentru s\u0103n\u0103tate","potentialAction":[{"@type":"SearchAction","target":{"@type":"EntryPoint","urlTemplate":"https:\/\/avellana.ro\/de\/?s={search_term_string}"},"query-input":{"@type":"PropertyValueSpecification","valueRequired":true,"valueName":"search_term_string"}}],"inLanguage":"de"}]}},"_links":{"self":[{"href":"https:\/\/avellana.ro\/de\/wp-json\/wp\/v2\/pages\/4443","targetHints":{"allow":["GET"]}}],"collection":[{"href":"https:\/\/avellana.ro\/de\/wp-json\/wp\/v2\/pages"}],"about":[{"href":"https:\/\/avellana.ro\/de\/wp-json\/wp\/v2\/types\/page"}],"author":[{"embeddable":true,"href":"https:\/\/avellana.ro\/de\/wp-json\/wp\/v2\/users\/1"}],"replies":[{"embeddable":true,"href":"https:\/\/avellana.ro\/de\/wp-json\/wp\/v2\/comments?post=4443"}],"version-history":[{"count":3,"href":"https:\/\/avellana.ro\/de\/wp-json\/wp\/v2\/pages\/4443\/revisions"}],"predecessor-version":[{"id":4446,"href":"https:\/\/avellana.ro\/de\/wp-json\/wp\/v2\/pages\/4443\/revisions\/4446"}],"wp:attachment":[{"href":"https:\/\/avellana.ro\/de\/wp-json\/wp\/v2\/media?parent=4443"}],"curies":[{"name":"wp","href":"https:\/\/api.w.org\/{rel}","templated":true}]}}