{"id":4457,"date":"2021-10-08T15:48:21","date_gmt":"2021-10-08T13:48:21","guid":{"rendered":"https:\/\/avellana.ro\/standort\/"},"modified":"2021-11-15T09:10:22","modified_gmt":"2021-11-15T07:10:22","slug":"standort","status":"publish","type":"page","link":"https:\/\/avellana.ro\/de\/standort\/","title":{"rendered":"Standort"},"content":{"rendered":"\t\t<div data-elementor-type=\"wp-page\" data-elementor-id=\"4457\" class=\"elementor elementor-4457\">\n\t\t\t\t\t\t<section class=\"elementor-section elementor-top-section elementor-element elementor-element-c113dbc my-5  position-relative z-index-1 elementor-section-content-middle elementor-section-boxed elementor-section-height-default elementor-section-height-default\" data-id=\"c113dbc\" data-element_type=\"section\" id=\"aboutus\">\n\t\t\n\t\t\t\t\t\t\t<div class=\"elementor-container elementor-column-gap-default\">\n\t\t\t\t\t\t\t\t\t\t\t<div class=\"elementor-column elementor-col-50 elementor-top-column elementor-element elementor-element-29133b8\" data-id=\"29133b8\" data-element_type=\"column\">\n\t\t\t\t\t<div class=\"elementor-widget-wrap elementor-element-populated\">\n\t\t\t\t\t\t\t\t<div class=\"elementor-element elementor-element-c7686e1 elementor-invisible elementor-widget elementor-widget-heading\" data-id=\"c7686e1\" data-element_type=\"widget\" data-settings=\"{&quot;_animation&quot;:&quot;fadeInUp&quot;,&quot;_animation_delay&quot;:&quot;200&quot;}\" data-widget_type=\"heading.default\">\n\t\t\t\t<div class=\"elementor-widget-container\">\n\t\t\t\t\t<h4 class=\"elementor-heading-title elementor-size-default\">UNSERE STANDORTE<\/h4>\t\t\t\t<\/div>\n\t\t\t\t<\/div>\n\t\t\t\t<div class=\"elementor-element elementor-element-45fdfca elementor-invisible elementor-widget elementor-widget-heading\" data-id=\"45fdfca\" data-element_type=\"widget\" data-settings=\"{&quot;_animation&quot;:&quot;fadeInUp&quot;,&quot;_animation_delay&quot;:&quot;400&quot;}\" data-widget_type=\"heading.default\">\n\t\t\t\t<div class=\"elementor-widget-container\">\n\t\t\t\t\t<h2 class=\"elementor-heading-title elementor-size-default\">1. Die Cermei-Plantage<\/h2>\t\t\t\t<\/div>\n\t\t\t\t<\/div>\n\t\t\t\t<div class=\"elementor-element elementor-element-dc8ee65 elementor-widget elementor-widget-text-editor\" data-id=\"dc8ee65\" data-element_type=\"widget\" data-widget_type=\"text-editor.default\">\n\t\t\t\t<div class=\"elementor-widget-container\">\n\t\t\t\t\t\t\t\t\t<p><span style=\"font-weight: 400\">Auf einer Fl\u00e4che von ca. 20 ha haben wir es geschafft, rund 13.300 wundersch\u00f6ne Haseln\u00fcsse zu pflanzen, ausgestattet mit modernen Technologien, die ausschlie\u00dflich f\u00fcr die Pflege und Fertigation verwendet werden. <\/span><\/p><p><strong>Fertigation<\/strong>\u00a0ist der Prozess dem Ausbringen\u00a0von fl\u00fcssigen oder wasserl\u00f6slichen D\u00fcngen durch ein automatisiertes Bew\u00e4sserungssystem\u00a0(eine der nachhaltigsten Methoden).<\/p><p><span style=\"font-weight: 400\">Auf unserer Plantage finden Sie auch verschiedene Arten von landwirtschaftlichen Maschinen und Ger\u00e4ten, die f\u00fcr die Wartung von Reinigungsanlagen, Separatoren, Trocknern, Kalibratoren usw. verwendet werden.<\/span><\/p><p><span style=\"font-weight: 400\">Die 13.300 Haseln\u00fcsse verteilen sich auf die drei Pflanzensorten, die wir haben:<\/span><\/p><ul><li style=\"font-weight: 400\">Tonda <b>Gentile Romana<\/b><\/li><li style=\"font-weight: 400\">Tonda <b>Gentile Trilobata<\/b><\/li><li style=\"font-weight: 400\">Tonda <b>di Giffoni<\/b><\/li><\/ul>\t\t\t\t\t\t\t\t<\/div>\n\t\t\t\t<\/div>\n\t\t\t\t\t<\/div>\n\t\t\t\t<\/div>\n\t\t\t\t<div class=\"elementor-column elementor-col-50 elementor-top-column elementor-element elementor-element-07e05a6 custom-px-1 pb-sm-5 pb-lg-0 mb-5 mb-lg-0 \" data-id=\"07e05a6\" data-element_type=\"column\">\n\t\t\t\t\t<div class=\"elementor-widget-wrap elementor-element-populated\">\n\t\t\t\t\t\t\t\t<div class=\"elementor-element elementor-element-3124ac0 elementor-widget elementor-widget-image\" data-id=\"3124ac0\" data-element_type=\"widget\" data-widget_type=\"image.default\">\n\t\t\t\t<div class=\"elementor-widget-container\">\n\t\t\t\t\t\t\t\t\t\t\t\t\t\t\t<img fetchpriority=\"high\" decoding=\"async\" width=\"1000\" height=\"667\" src=\"https:\/\/avellana.ro\/wp-content\/uploads\/2021\/09\/hazelnut-tree-1.jpeg\" class=\"attachment-large size-large wp-image-4399\" alt=\"\" srcset=\"https:\/\/avellana.ro\/wp-content\/uploads\/2021\/09\/hazelnut-tree-1.jpeg 1000w, https:\/\/avellana.ro\/wp-content\/uploads\/2021\/09\/hazelnut-tree-1-768x512.jpeg 768w, https:\/\/avellana.ro\/wp-content\/uploads\/2021\/09\/hazelnut-tree-1-640x427.jpeg 640w, https:\/\/avellana.ro\/wp-content\/uploads\/2021\/09\/hazelnut-tree-1-400x267.jpeg 400w, https:\/\/avellana.ro\/wp-content\/uploads\/2021\/09\/hazelnut-tree-1-367x245.jpeg 367w, https:\/\/avellana.ro\/wp-content\/uploads\/2021\/09\/hazelnut-tree-1-600x400.jpeg 600w\" sizes=\"(max-width: 1000px) 100vw, 1000px\" \/>\t\t\t\t\t\t\t\t\t\t\t\t\t\t\t<\/div>\n\t\t\t\t<\/div>\n\t\t\t\t\t<\/div>\n\t\t\t\t<\/div>\n\t\t\t\t\t<\/div>\n\t\t\t\t<\/section>\n\t\t\t\t<section class=\"elementor-section elementor-top-section elementor-element elementor-element-a7a042c my-5  position-relative z-index-1 elementor-section-content-middle elementor-section-boxed elementor-section-height-default elementor-section-height-default\" data-id=\"a7a042c\" data-element_type=\"section\">\n\t\t\n\t\t\t\t\t\t\t<div class=\"elementor-container elementor-column-gap-default\">\n\t\t\t\t\t\t\t\t\t\t\t<div class=\"elementor-column elementor-col-50 elementor-top-column elementor-element elementor-element-ed5d3bc\" data-id=\"ed5d3bc\" data-element_type=\"column\">\n\t\t\t\t\t<div class=\"elementor-widget-wrap elementor-element-populated\">\n\t\t\t\t\t\t\t\t<div class=\"elementor-element elementor-element-e5e354e elementor-invisible elementor-widget elementor-widget-heading\" data-id=\"e5e354e\" data-element_type=\"widget\" data-settings=\"{&quot;_animation&quot;:&quot;fadeInUp&quot;,&quot;_animation_delay&quot;:&quot;400&quot;}\" data-widget_type=\"heading.default\">\n\t\t\t\t<div class=\"elementor-widget-container\">\n\t\t\t\t\t<h2 class=\"elementor-heading-title elementor-size-default\">2. Lagerraum, Haselnusskonditionierung und Pr\u00e4sentationsladen in Craiva<\/h2>\t\t\t\t<\/div>\n\t\t\t\t<\/div>\n\t\t\t\t<div class=\"elementor-element elementor-element-cb6a56e elementor-widget elementor-widget-text-editor\" data-id=\"cb6a56e\" data-element_type=\"widget\" data-widget_type=\"text-editor.default\">\n\t\t\t\t<div class=\"elementor-widget-container\">\n\t\t\t\t\t\t\t\t\t<p>Das Haselnuss-Abenteuer geht in Craiva, Kreis Arad, weiter<b>, in der Lager &#8211; und\u00a0Konditionierengshalle\u00a0<\/b><span style=\"font-weight: 400\">die M\u00f6glichkeiten f\u00fcr einen m\u00f6glichst pr\u00e4zisen Prozess bietet:<\/span><\/p><ul><li style=\"font-weight: 400\"><span style=\"font-weight: 400\">Doppelreiniger mit Bel\u00fcftung;<\/span><\/li><li style=\"font-weight: 400\"><span style=\"font-weight: 400\">Wasserabscheider und Reiniger;<\/span><\/li><li style=\"font-weight: 400\"><span style=\"font-weight: 400\">Trockner;<\/span><\/li><li style=\"font-weight: 400\"><span style=\"font-weight: 400\">Kalibrator;<\/span><\/li><li style=\"font-weight: 400\"><span style=\"font-weight: 400\">Verpackungsanlagen.<\/span><\/li><\/ul><p><span style=\"font-weight: 400\">Durch die bereitgestellten Einrichtungen werden die Haseln\u00fcsse in S\u00e4cke verpackt und k\u00f6nnen in unserem Gesch\u00e4ft ankommen, nachdem sie:<\/span><\/p><ul><li style=\"font-weight: 400\"><span style=\"font-weight: 400\">gereinigt;<\/span><\/li><li style=\"font-weight: 400\"><span style=\"font-weight: 400\">durch chemische Reinigung von Pflanzenresten und leeren Haseln\u00fcssen getrennt;<\/span><\/li><li style=\"font-weight: 400\"><span style=\"font-weight: 400\">von den Steinen getrennt und durch den Nassreinigungsprozess gewaschen;\u00a0<\/span><\/li><li style=\"font-weight: 400\"><span style=\"font-weight: 400\">getrocknet;<\/span><\/li><li style=\"font-weight: 400\"><span style=\"font-weight: 400\">kalibrieren\u00a0 auf 4 Dimensionen;<\/span><\/li><li style=\"font-weight: 400\"><span style=\"font-weight: 400\">gelagert und verpackungsfertig.<\/span><\/li><\/ul><div>Nach den durchgef\u00fchrten Prozessen erreichen die Haseln\u00fcsse\u00a0\u00a0Pr\u00e4sentationsladen,\u00a0befindet sich direkt am Eingang von Craiva. Hier finden Sie die 3 Haselnuss-Sorten verpackt und fertig zum Mitnehmen.\u00a0<\/div>\t\t\t\t\t\t\t\t<\/div>\n\t\t\t\t<\/div>\n\t\t\t\t\t<\/div>\n\t\t\t\t<\/div>\n\t\t\t\t<div class=\"elementor-column elementor-col-50 elementor-top-column elementor-element elementor-element-9021537 custom-px-1 pb-sm-5 pb-lg-0 mb-5 mb-lg-0 \" data-id=\"9021537\" data-element_type=\"column\">\n\t\t\t\t\t<div class=\"elementor-widget-wrap elementor-element-populated\">\n\t\t\t\t\t\t\t\t<div class=\"elementor-element elementor-element-aaa8d27 elementor-invisible elementor-widget elementor-widget-image\" data-id=\"aaa8d27\" data-element_type=\"widget\" data-settings=\"{&quot;_animation&quot;:&quot;fadeIn&quot;,&quot;_animation_delay&quot;:&quot;500&quot;}\" data-widget_type=\"image.default\">\n\t\t\t\t<div class=\"elementor-widget-container\">\n\t\t\t\t\t\t\t\t\t\t\t\t\t\t\t<img decoding=\"async\" width=\"768\" height=\"1024\" src=\"https:\/\/avellana.ro\/wp-content\/uploads\/2021\/10\/hala4-768x1024.jpeg\" class=\"attachment-large size-large wp-image-4458\" alt=\"\" srcset=\"https:\/\/avellana.ro\/wp-content\/uploads\/2021\/10\/hala4-768x1024.jpeg 768w, https:\/\/avellana.ro\/wp-content\/uploads\/2021\/10\/hala4-640x853.jpeg 640w, https:\/\/avellana.ro\/wp-content\/uploads\/2021\/10\/hala4-400x533.jpeg 400w, https:\/\/avellana.ro\/wp-content\/uploads\/2021\/10\/hala4-367x489.jpeg 367w, https:\/\/avellana.ro\/wp-content\/uploads\/2021\/10\/hala4-600x800.jpeg 600w\" sizes=\"(max-width: 768px) 100vw, 768px\" \/>\t\t\t\t\t\t\t\t\t\t\t\t\t\t\t<\/div>\n\t\t\t\t<\/div>\n\t\t\t\t\t<\/div>\n\t\t\t\t<\/div>\n\t\t\t\t\t<\/div>\n\t\t\t\t<\/section>\n\t\t\t\t<\/div>\n\t\t","protected":false},"excerpt":{"rendered":"<p>UNSERE STANDORTE 1. Die Cermei-Plantage Auf einer Fl\u00e4che von ca. 20 ha haben wir es geschafft, rund 13.300 wundersch\u00f6ne Haseln\u00fcsse zu pflanzen, ausgestattet mit modernen Technologien, die ausschlie\u00dflich f\u00fcr die Pflege und Fertigation verwendet werden. Fertigation\u00a0ist der Prozess dem Ausbringen\u00a0von fl\u00fcssigen oder wasserl\u00f6slichen D\u00fcngen durch ein automatisiertes Bew\u00e4sserungssystem\u00a0(eine der nachhaltigsten Methoden). Auf unserer Plantage finden [&hellip;]<\/p>\n","protected":false},"author":1,"featured_media":0,"parent":0,"menu_order":0,"comment_status":"closed","ping_status":"closed","template":"","meta":{"_monsterinsights_skip_tracking":false,"_monsterinsights_sitenote_active":false,"_monsterinsights_sitenote_note":"","_monsterinsights_sitenote_category":0,"footnotes":""},"class_list":["post-4457","page","type-page","status-publish","hentry"],"yoast_head":"<!-- This site is optimized with the Yoast SEO plugin v26.6 - https:\/\/yoast.com\/wordpress\/plugins\/seo\/ -->\n<title>Standort - Avellana<\/title>\n<meta name=\"robots\" content=\"index, follow, max-snippet:-1, max-image-preview:large, max-video-preview:-1\" \/>\n<link rel=\"canonical\" href=\"https:\/\/avellana.ro\/de\/standort\/\" \/>\n<meta property=\"og:locale\" content=\"de_DE\" \/>\n<meta property=\"og:type\" content=\"article\" \/>\n<meta property=\"og:title\" content=\"Standort - Avellana\" \/>\n<meta property=\"og:description\" content=\"UNSERE STANDORTE 1. Die Cermei-Plantage Auf einer Fl\u00e4che von ca. 20 ha haben wir es geschafft, rund 13.300 wundersch\u00f6ne Haseln\u00fcsse zu pflanzen, ausgestattet mit modernen Technologien, die ausschlie\u00dflich f\u00fcr die Pflege und Fertigation verwendet werden. Fertigation\u00a0ist der Prozess dem Ausbringen\u00a0von fl\u00fcssigen oder wasserl\u00f6slichen D\u00fcngen durch ein automatisiertes Bew\u00e4sserungssystem\u00a0(eine der nachhaltigsten Methoden). Auf unserer Plantage finden [&hellip;]\" \/>\n<meta property=\"og:url\" content=\"https:\/\/avellana.ro\/de\/standort\/\" \/>\n<meta property=\"og:site_name\" content=\"Avellana\" \/>\n<meta property=\"article:modified_time\" content=\"2021-11-15T07:10:22+00:00\" \/>\n<meta property=\"og:image\" content=\"https:\/\/avellana.ro\/wp-content\/uploads\/2021\/09\/hazelnut-tree-1.jpeg\" \/>\n<meta name=\"twitter:card\" content=\"summary_large_image\" \/>\n<meta name=\"twitter:label1\" content=\"Gesch\u00e4tzte Lesezeit\" \/>\n\t<meta name=\"twitter:data1\" content=\"2\u00a0Minuten\" \/>\n<script type=\"application\/ld+json\" class=\"yoast-schema-graph\">{\"@context\":\"https:\/\/schema.org\",\"@graph\":[{\"@type\":\"WebPage\",\"@id\":\"https:\/\/avellana.ro\/de\/standort\/\",\"url\":\"https:\/\/avellana.ro\/de\/standort\/\",\"name\":\"Standort - Avellana\",\"isPartOf\":{\"@id\":\"https:\/\/avellana.ro\/de\/#website\"},\"primaryImageOfPage\":{\"@id\":\"https:\/\/avellana.ro\/de\/standort\/#primaryimage\"},\"image\":{\"@id\":\"https:\/\/avellana.ro\/de\/standort\/#primaryimage\"},\"thumbnailUrl\":\"https:\/\/avellana.ro\/wp-content\/uploads\/2021\/09\/hazelnut-tree-1.jpeg\",\"datePublished\":\"2021-10-08T13:48:21+00:00\",\"dateModified\":\"2021-11-15T07:10:22+00:00\",\"breadcrumb\":{\"@id\":\"https:\/\/avellana.ro\/de\/standort\/#breadcrumb\"},\"inLanguage\":\"de\",\"potentialAction\":[{\"@type\":\"ReadAction\",\"target\":[\"https:\/\/avellana.ro\/de\/standort\/\"]}]},{\"@type\":\"ImageObject\",\"inLanguage\":\"de\",\"@id\":\"https:\/\/avellana.ro\/de\/standort\/#primaryimage\",\"url\":\"https:\/\/avellana.ro\/wp-content\/uploads\/2021\/09\/hazelnut-tree-1.jpeg\",\"contentUrl\":\"https:\/\/avellana.ro\/wp-content\/uploads\/2021\/09\/hazelnut-tree-1.jpeg\"},{\"@type\":\"BreadcrumbList\",\"@id\":\"https:\/\/avellana.ro\/de\/standort\/#breadcrumb\",\"itemListElement\":[{\"@type\":\"ListItem\",\"position\":1,\"name\":\"Prima pagin\u0103\",\"item\":\"https:\/\/avellana.ro\/de\/\"},{\"@type\":\"ListItem\",\"position\":2,\"name\":\"Standort\"}]},{\"@type\":\"WebSite\",\"@id\":\"https:\/\/avellana.ro\/de\/#website\",\"url\":\"https:\/\/avellana.ro\/de\/\",\"name\":\"Avellana\",\"description\":\"Alune din pasiune pentru s\u0103n\u0103tate\",\"potentialAction\":[{\"@type\":\"SearchAction\",\"target\":{\"@type\":\"EntryPoint\",\"urlTemplate\":\"https:\/\/avellana.ro\/de\/?s={search_term_string}\"},\"query-input\":{\"@type\":\"PropertyValueSpecification\",\"valueRequired\":true,\"valueName\":\"search_term_string\"}}],\"inLanguage\":\"de\"}]}<\/script>\n<!-- \/ Yoast SEO plugin. -->","yoast_head_json":{"title":"Standort - Avellana","robots":{"index":"index","follow":"follow","max-snippet":"max-snippet:-1","max-image-preview":"max-image-preview:large","max-video-preview":"max-video-preview:-1"},"canonical":"https:\/\/avellana.ro\/de\/standort\/","og_locale":"de_DE","og_type":"article","og_title":"Standort - Avellana","og_description":"UNSERE STANDORTE 1. Die Cermei-Plantage Auf einer Fl\u00e4che von ca. 20 ha haben wir es geschafft, rund 13.300 wundersch\u00f6ne Haseln\u00fcsse zu pflanzen, ausgestattet mit modernen Technologien, die ausschlie\u00dflich f\u00fcr die Pflege und Fertigation verwendet werden. Fertigation\u00a0ist der Prozess dem Ausbringen\u00a0von fl\u00fcssigen oder wasserl\u00f6slichen D\u00fcngen durch ein automatisiertes Bew\u00e4sserungssystem\u00a0(eine der nachhaltigsten Methoden). Auf unserer Plantage finden [&hellip;]","og_url":"https:\/\/avellana.ro\/de\/standort\/","og_site_name":"Avellana","article_modified_time":"2021-11-15T07:10:22+00:00","og_image":[{"url":"https:\/\/avellana.ro\/wp-content\/uploads\/2021\/09\/hazelnut-tree-1.jpeg","type":"","width":"","height":""}],"twitter_card":"summary_large_image","twitter_misc":{"Gesch\u00e4tzte Lesezeit":"2\u00a0Minuten"},"schema":{"@context":"https:\/\/schema.org","@graph":[{"@type":"WebPage","@id":"https:\/\/avellana.ro\/de\/standort\/","url":"https:\/\/avellana.ro\/de\/standort\/","name":"Standort - Avellana","isPartOf":{"@id":"https:\/\/avellana.ro\/de\/#website"},"primaryImageOfPage":{"@id":"https:\/\/avellana.ro\/de\/standort\/#primaryimage"},"image":{"@id":"https:\/\/avellana.ro\/de\/standort\/#primaryimage"},"thumbnailUrl":"https:\/\/avellana.ro\/wp-content\/uploads\/2021\/09\/hazelnut-tree-1.jpeg","datePublished":"2021-10-08T13:48:21+00:00","dateModified":"2021-11-15T07:10:22+00:00","breadcrumb":{"@id":"https:\/\/avellana.ro\/de\/standort\/#breadcrumb"},"inLanguage":"de","potentialAction":[{"@type":"ReadAction","target":["https:\/\/avellana.ro\/de\/standort\/"]}]},{"@type":"ImageObject","inLanguage":"de","@id":"https:\/\/avellana.ro\/de\/standort\/#primaryimage","url":"https:\/\/avellana.ro\/wp-content\/uploads\/2021\/09\/hazelnut-tree-1.jpeg","contentUrl":"https:\/\/avellana.ro\/wp-content\/uploads\/2021\/09\/hazelnut-tree-1.jpeg"},{"@type":"BreadcrumbList","@id":"https:\/\/avellana.ro\/de\/standort\/#breadcrumb","itemListElement":[{"@type":"ListItem","position":1,"name":"Prima pagin\u0103","item":"https:\/\/avellana.ro\/de\/"},{"@type":"ListItem","position":2,"name":"Standort"}]},{"@type":"WebSite","@id":"https:\/\/avellana.ro\/de\/#website","url":"https:\/\/avellana.ro\/de\/","name":"Avellana","description":"Alune din pasiune pentru s\u0103n\u0103tate","potentialAction":[{"@type":"SearchAction","target":{"@type":"EntryPoint","urlTemplate":"https:\/\/avellana.ro\/de\/?s={search_term_string}"},"query-input":{"@type":"PropertyValueSpecification","valueRequired":true,"valueName":"search_term_string"}}],"inLanguage":"de"}]}},"_links":{"self":[{"href":"https:\/\/avellana.ro\/de\/wp-json\/wp\/v2\/pages\/4457","targetHints":{"allow":["GET"]}}],"collection":[{"href":"https:\/\/avellana.ro\/de\/wp-json\/wp\/v2\/pages"}],"about":[{"href":"https:\/\/avellana.ro\/de\/wp-json\/wp\/v2\/types\/page"}],"author":[{"embeddable":true,"href":"https:\/\/avellana.ro\/de\/wp-json\/wp\/v2\/users\/1"}],"replies":[{"embeddable":true,"href":"https:\/\/avellana.ro\/de\/wp-json\/wp\/v2\/comments?post=4457"}],"version-history":[{"count":6,"href":"https:\/\/avellana.ro\/de\/wp-json\/wp\/v2\/pages\/4457\/revisions"}],"predecessor-version":[{"id":4630,"href":"https:\/\/avellana.ro\/de\/wp-json\/wp\/v2\/pages\/4457\/revisions\/4630"}],"wp:attachment":[{"href":"https:\/\/avellana.ro\/de\/wp-json\/wp\/v2\/media?parent=4457"}],"curies":[{"name":"wp","href":"https:\/\/api.w.org\/{rel}","templated":true}]}}