{"id":4512,"date":"2021-10-11T17:26:56","date_gmt":"2021-10-11T15:26:56","guid":{"rendered":"https:\/\/avellana.ro\/cookie-richtlinie\/"},"modified":"2021-11-09T11:44:24","modified_gmt":"2021-11-09T09:44:24","slug":"cookie-richtlinie","status":"publish","type":"page","link":"https:\/\/avellana.ro\/de\/cookie-richtlinie\/","title":{"rendered":"Cookie-Richtlinie"},"content":{"rendered":"\t\t<div data-elementor-type=\"wp-page\" data-elementor-id=\"4512\" class=\"elementor elementor-4512\">\n\t\t\t\t\t\t<section class=\"elementor-section elementor-top-section elementor-element elementor-element-2eb4bce8 elementor-section-boxed elementor-section-height-default elementor-section-height-default\" data-id=\"2eb4bce8\" data-element_type=\"section\">\n\t\t\n\t\t\t\t\t\t\t<div class=\"elementor-container elementor-column-gap-default\">\n\t\t\t\t\t\t\t\t\t\t\t<div class=\"elementor-column elementor-col-100 elementor-top-column elementor-element elementor-element-624c1de6\" data-id=\"624c1de6\" data-element_type=\"column\">\n\t\t\t\t\t<div class=\"elementor-widget-wrap elementor-element-populated\">\n\t\t\t\t\t\t\t\t<div class=\"elementor-element elementor-element-40baf434 elementor-widget elementor-widget-text-editor\" data-id=\"40baf434\" data-element_type=\"widget\" data-widget_type=\"text-editor.default\">\n\t\t\t\t<div class=\"elementor-widget-container\">\n\t\t\t\t\t\t\t\t\t<p><\/p>\n<h2>Cookie-Richtlinie<\/h2>\n<p><\/p>\n<h2>1. Allgemeines<\/h2>\n<p><\/p>\n<p><meta charset=\"utf-8\">AVELLANA (SC AVELANNA HARVEST NATURA SRL), Str. lon Luca Caragiale, Nr. 22, Arad, Richter. Arad, Rum\u00e4nien (\u201e<meta charset=\"utf-8\">AVELLANA\u201c oder \u201ewir\u201c oder \u201eneu\/uns\u201c) verwendet Cookies, um Ihnen ein besseres Online-Erlebnis zu bieten. Um das Beste aus Ihrer Website zu machen <meta charset=\"utf-8\">AVELLANA (&#8222;Website&#8220;), Ihr Computer, Tablet oder Mobiltelefon muss Cookies akzeptieren. Wir halten es f\u00fcr wichtig zu wissen, welche Arten von Cookies unsere Website verwendet und zu welchen Zwecken. Dies wird Ihnen helfen, Ihre Privatsph\u00e4re zu sch\u00fctzen und Ihnen gleichzeitig das beste Online-Erlebnis zu bieten.<\/p>\n<p><\/p>\n<h2>2. Was ist ein Cookie?<\/h2>\n<p><\/p>\n<p>Cookies sind kleine Textdateien, die kleine Mengen an Informationen enthalten, die heruntergeladen und auf Ihrem Benutzerger\u00e4t gespeichert werden k\u00f6nnen \u2013 zum Beispiel Ihrem Computer (oder anderen Ger\u00e4ten mit Internetzugang, wie einem Smartphone oder Tablet). zu <meta charset=\"utf-8\">AVELLANA k\u00f6nnen wir \u00e4hnliche Techniken wie Pixel, Web Beacons und Fingerabdr\u00fccke verwenden. Aus Gr\u00fcnden der Konsistenz werden alle diese kombinierten Techniken im Folgenden als \u201eCookies\u201c bezeichnet.<\/p>\n<p><\/p>\n<h2><\/h2>\n<p><\/p>\n<p>Diese Cookie-Richtlinie informiert Sie \u00fcber die von uns verwendeten Cookies und die Gr\u00fcnde f\u00fcr deren Verwendung. <a href=\"\/politica-de-confidentialitatea\" target=\"_blank\" rel=\"noreferrer noopener\">Unsere Datenschutzrichtlinie<\/a> legt die vollst\u00e4ndigen Details der anderen Informationen fest, die wir m\u00f6glicherweise sammeln, und wie wir Ihre Daten verwenden k\u00f6nnen. mit pers\u00f6nlichem Charakter.<\/p>\n<p><\/p>\n<h2>3. Auf der Website verwendete Cookies<\/h2>\n<p><\/p>\n<p><meta charset=\"utf-8\">AVELLANA verwendet verschiedene Arten von Cookies. Einige davon sind Session-Cookies, die tempor\u00e4r sind und es uns erm\u00f6glichen, Ihre Aktionen zu verbinden. w\u00e4hrend einer Browser-Arbeitssitzung. Session-Cookies werden gel\u00f6scht, wenn Sie Ihren Browser schlie\u00dfen. Andere sind dauerhafte Cookies und verbleiben auf Ihrem Ger\u00e4t. f\u00fcr den im Cookie angegebenen Zeitraum. Die Website verwendet Cookies f\u00fcr folgende Zwecke:<\/p>\n<p><\/p>\n<h3>3.1. Funktionale Cookies<\/h3>\n<p><\/p>\n<p>Funktionale Cookies sind unerl\u00e4sslich und helfen Ihnen beim Navigieren auf der Website. Sie verbessern die Benutzerfreundlichkeit der Website. Die genannten Cookies helfen auch, die Sicherheit zu erh\u00f6hen und die Grundfunktionalit\u00e4t der Website sicherzustellen.<\/p>\n<p><\/p>\n<h3>3.2. Analytische Cookies<\/h3>\n<p><\/p>\n<p>Analytische Cookies helfen uns, das Verhalten unserer Besucher und die Nutzung der Website in aggregierter Form zu verstehen. Wir k\u00f6nnen diese Cookies beispielsweise verwenden, um Informationen dar\u00fcber zu erhalten, wie Besucher unsere Website nutzen. So k\u00f6nnen wir herausfinden, was funktioniert und was nicht, unsere Website st\u00e4ndig verbessern und die Effizienz von Werbung und Kommunikation messen.<\/p>\n<p><\/p>\n<h2><\/h2>\n<p><\/p>\n<p>Wir verwenden Cookies von Google Analytics, um einen \u00dcberblick \u00fcber die Gewohnheiten und die Anzahl der Besucher zu erhalten und das Gesamterlebnis auf unserer Website zu verbessern. Sie k\u00f6nnen die Verwendung von Cookies ablehnen, indem Sie die entsprechenden Einstellungen in Ihrem Browser wie unten beschrieben ausw\u00e4hlen. Dar\u00fcber hinaus k\u00f6nnen Sie die Erfassung und Nutzung der Daten durch Google (Cookies und IP-Adresse) verhindern, indem Sie das unter <a href=\"https:\/\/tools.google.com\/dlpage\/gaoptout?hl=en-GB#\">https:\/\/tools.google.com\/dlpage\/gaoptout?hl=en-GB#<\/a>. Sie k\u00f6nnen die Verwendung von Google Analytics deaktivieren, indem Sie auf den Link Google Analytics deaktivieren klicken. Durch diesen Link wird eine Option zur Deaktivierung von Cookies erstellt, die eine weitere Verarbeitung Ihrer Daten verhindert. Weitere Informationen zu Google Analytics-Cookies finden Sie auf der Seite mit den Google-Support- und Datenschutzbestimmungen:<\/p>\n<p><\/p>\n<p><a href=\"https:\/\/policies.google.com\/privacy\" target=\"_blank\" rel=\"noreferrer noopener\">Datenschutzerkl\u00e4rung von Google<\/a><\/p>\n<p><\/p>\n<p><a href=\"https:\/\/support.google.com\/analytics\/?hl=en#topic=3544906\" target=\"_blank\" rel=\"noreferrer noopener\">Google Analytics-Hilfeseiten<\/a><\/p>\n<p><\/p>\n<h3>3.3. Cookies f\u00fcr soziale Netzwerke<\/h3>\n<p><\/p>\n<p>Die Website erlaubt Cookies von sozialen Netzwerken von Drittanbietern (zB Facebook, YouTube, Twitter, LinkedIn). Auf diese Weise k\u00f6nnen Sie Inhalte von Ihrer Website in sozialen Netzwerken teilen. 74 \/ 5000 Translation results Diese Drittanbieter k\u00f6nnen Cookies f\u00fcr ihre eigenen Zwecke verwenden. <meta charset=\"utf-8\">AVELLANA hat keinen Einfluss darauf, wie soziale Netzwerke Ihre Daten verwenden. Weitere Informationen zu Cookies, die von sozialen Netzwerken gesetzt werden, finden Sie in deren eigenen Datenschutzrichtlinien und Cookie-Richtlinien.<\/p>\n<p><\/p>\n<h2>4. Passen Sie Ihre Cookie-Einstellungen an<\/h2>\n<p><\/p>\n<p>Nachdem Sie uns Ihre Zustimmung gegeben haben. bez\u00fcglich der Verwendung von Cookies speichern wir ein Cookie auf Ihrem Computer oder Ger\u00e4t. um sich beim n\u00e4chsten Mal daran zu erinnern. Wenn Sie Ihre Zustimmung zu Cookies jederzeit widerrufen m\u00f6chten, m\u00fcssen Sie unsere Cookies \u00fcber Ihre Browsereinstellungen l\u00f6schen. des Internets. Sie sollten dies \u00fcber die Browsereinstellungen f\u00fcr jeden von Ihnen verwendeten Browser tun. Bitte beachten Sie, dass einige unserer Dienste nicht funktionieren, wenn Ihr Browser verwendet wird. akzeptiert keine Cookies. Sie k\u00f6nnen jedoch Cookies von bestimmten Websites zulassen, indem Sie sie in Ihrem Browser als &#8222;vertrauensw\u00fcrdige Sites&#8220; einstellen. des Internets. Die folgenden Links k\u00f6nnen Ihnen bei der Verwaltung Ihrer Cookie-Einstellungen helfen oder Sie k\u00f6nnen die Option &#8222;Hilfe&#8220; in Ihrem Browser verwenden. Internet f\u00fcr weitere Details.<\/p>\n<p><\/p>\n<h2><\/h2>\n<p><\/p>\n<p>Internet Explorer: <a href=\"https:\/\/support.microsoft.com\/en-us\/help\/17442\/windows-internet-explorer-delete-manage-cookies\">https:\/\/support.microsoft.com\/en-us\/help\/17442\/windows-internet-explorer-delete-manage-cookies<\/a><\/p>\n<p><\/p>\n<p>Mozilla Firefox: <a href=\"http:\/\/support.mozilla.com\/en-US\/kb\/Cookies\">http:\/\/support.mozilla.com\/en-US\/kb\/Cookies<\/a><\/p>\n<p><\/p>\n<p>Google Chrome: <a href=\"http:\/\/www.google.com\/support\/chrome\/bin\/answer.py?hl=en&amp;answer=95647\">http:\/\/www.google.com\/support\/chrome\/bin\/answer.py?hl=en&amp;answer=95647<\/a><\/p>\n<p><\/p>\n<p>Safari: <a href=\"http:\/\/support.apple.com\/kb\/PH5042\">http:\/\/support.apple.com\/kb\/PH5042<\/a><\/p>\n<p><\/p>\n<p>Opera: <a href=\"http:\/\/www.opera.com\/help\/tutorials\/security\/privacy\/\">http:\/\/www.opera.com\/help\/tutorials\/security\/privacy\/<\/a><\/p>\n<p><\/p>\n<p>Adobe (flash cookies): <a href=\"https:\/\/www.adobe.com\/support\/flash\/downloads.html\">https:\/\/www.adobe.com\/support\/flash\/downloads.html<\/a><\/p>\n<p><\/p>\n<h2>5. \u00dcbersicht \u00fcber Cookies<\/h2>\n<p><\/p>\n<p>Nachfolgend finden Sie die vollst\u00e4ndige Liste der Cookies, die auf der Website von <meta charset=\"utf-8\"> AVELLANA verwendet werden:<\/p>\n<p><\/p>\n<h3>5.1 Funktionale Cookies<\/h3>\n<div><span style=\"color: rgb(44, 51, 56); font-family: -apple-system, &quot;system-ui&quot;, &quot;Segoe UI&quot;, Roboto, Oxygen-Sans, Ubuntu, Cantarell, &quot;Helvetica Neue&quot;, sans-serif; font-size: 13px;\"><table class=\"cookielawinfo-row-cat-table cookielawinfo-winter\"><thead><tr><th class=\"cookielawinfo-column-1\">Cookie<\/th><th class=\"cookielawinfo-column-3\">Dauer<\/th><th class=\"cookielawinfo-column-4\">Beschreibung<\/th><\/tr><\/thead><tbody><tr class=\"cookielawinfo-row\"><td class=\"cookielawinfo-column-1\">_GRECAPTCHA<\/td><td class=\"cookielawinfo-column-3\"><\/td><td class=\"cookielawinfo-column-4\">Dieses Cookie wird vom Google Recaptcha-Dienst gesetzt, um Bots zu identifizieren, um die Website vor b\u00f6swilligen Spam-Angriffen zu sch\u00fctzen.<\/td><\/tr><tr class=\"cookielawinfo-row\"><td class=\"cookielawinfo-column-1\">cookielawinfo-checkbox-advertisement<\/td><td class=\"cookielawinfo-column-3\">1 year<\/td><td class=\"cookielawinfo-column-4\">Dieses Cookie wird vom GDPR Cookie Consent Plugin gesetzt und wird verwendet, um die Zustimmung des Benutzers f\u00fcr die Cookies in der Kategorie &#8222;Werbung&#8220; zu erfassen.<\/td><\/tr><tr class=\"cookielawinfo-row\"><td class=\"cookielawinfo-column-1\">cookielawinfo-checkbox-analytics<\/td><td class=\"cookielawinfo-column-3\">11 months<\/td><td class=\"cookielawinfo-column-4\">Dieses Cookie wird vom GDPR Cookie Consent Plugin gesetzt. Das Cookie wird verwendet, um die Zustimmung des Benutzers f\u00fcr die Cookies in der Kategorie \u201eAnalytics\u201c zu speichern.<\/td><\/tr><tr class=\"cookielawinfo-row\"><td class=\"cookielawinfo-column-1\">cookielawinfo-checkbox-functional<\/td><td class=\"cookielawinfo-column-3\"><\/td><td class=\"cookielawinfo-column-4\">Das Cookie wird durch die DSGVO-Cookie-Zustimmung gesetzt, um die Zustimmung des Benutzers f\u00fcr die Cookies in der Kategorie &#8222;Funktional&#8220; zu erfassen.<\/td><\/tr><tr class=\"cookielawinfo-row\"><td class=\"cookielawinfo-column-1\">cookielawinfo-checkbox-necessary<\/td><td class=\"cookielawinfo-column-3\"><\/td><td class=\"cookielawinfo-column-4\">Dieses Cookie wird vom GDPR Cookie Consent Plugin gesetzt. Die Cookies werden verwendet, um die Zustimmung des Benutzers f\u00fcr die Cookies in der Kategorie \u201eNotwendig\u201c zu speichern.<\/td><\/tr><tr class=\"cookielawinfo-row\"><td class=\"cookielawinfo-column-1\">cookielawinfo-checkbox-others<\/td><td class=\"cookielawinfo-column-3\"><\/td><td class=\"cookielawinfo-column-4\">Dieses Cookie wird vom GDPR Cookie Consent Plugin gesetzt. Das Cookie wird verwendet, um die Zustimmung des Benutzers f\u00fcr die Cookies in der Kategorie \u201eSonstiges\u201c zu speichern.<\/td><\/tr><tr class=\"cookielawinfo-row\"><td class=\"cookielawinfo-column-1\">cookielawinfo-checkbox-performance<\/td><td class=\"cookielawinfo-column-3\"><\/td><td class=\"cookielawinfo-column-4\">Dieses Cookie wird vom Plugin GDPR Cookie Consent gesetzt. Das Cookie wird verwendet, um die Zustimmung des Benutzers f\u00fcr die Cookies in der Kategorie \u201eLeistung\u201c zu speichern.<\/td><\/tr><tr class=\"cookielawinfo-row\"><td class=\"cookielawinfo-column-1\">viewed_cookie_policy<\/td><td class=\"cookielawinfo-column-3\"><\/td><td class=\"cookielawinfo-column-4\">Das Cookie wird vom Plugin GDPR Cookie Consent gesetzt und wird verwendet, um zu speichern, ob der Benutzer der Verwendung von Cookies zugestimmt hat oder nicht. Es werden keine personenbezogenen Daten gespeichert.<\/td><\/tr><\/tbody><\/table><\/span><br><\/div>\n<p><\/p>\n<p><\/p>\n<h3>5.2 Analytische Cookies<\/h3><div><span style=\"color: rgb(44, 51, 56); font-family: -apple-system, &quot;system-ui&quot;, &quot;Segoe UI&quot;, Roboto, Oxygen-Sans, Ubuntu, Cantarell, &quot;Helvetica Neue&quot;, sans-serif; font-size: 13px; background-color: rgb(246, 247, 247);\"><table class=\"cookielawinfo-row-cat-table cookielawinfo-winter\"><thead><tr><th class=\"cookielawinfo-column-1\">Cookie<\/th><th class=\"cookielawinfo-column-3\">Dauer<\/th><th class=\"cookielawinfo-column-4\">Beschreibung<\/th><\/tr><\/thead><tbody><tr class=\"cookielawinfo-row\"><td class=\"cookielawinfo-column-1\">_ga<\/td><td class=\"cookielawinfo-column-3\"><\/td><td class=\"cookielawinfo-column-4\">Das von Google Analytics installierte _ga-Cookie berechnet Besucher-, Sitzungs- und Kampagnendaten und verfolgt auch die Site-Nutzung f\u00fcr den Analysebericht der Site. Das Cookie speichert Informationen anonym und weist eine zuf\u00e4llig generierte Nummer zu, um eindeutige Besucher zu erkennen.<\/td><\/tr><\/tbody><\/table><\/span><br><\/div>\n<p><\/p>\n<p><\/p>\n<h2>6. Abschlie\u00dfende Schlussfolgerungen<\/h2>\n<p><\/p>\n<p>Diese Cookie-Richtlinie unterliegt einem st\u00e4ndigen \u00dcberpr\u00fcfungsprozess und wird regelm\u00e4\u00dfig aktualisiert. Alle \u00c4nderungen dieser Cookie-Richtlinie werden auf unserer Website ver\u00f6ffentlicht und Ihnen, soweit m\u00f6glich, mitgeteilt. Sie k\u00f6nnen diese Webseite auf die neueste aktualisierte Version \u00fcberpr\u00fcfen.<\/p>\n<p><\/p>\n<h2><\/h2>\n<p><\/p>\n<p>Wenn Sie weitere Fragen und\/oder Anmerkungen haben, kontaktieren Sie uns bitte \u00fcber das Online-Formular auf unserer Website, um uns eine Datenschutzanfrage zu senden.<\/p>\n<p><\/p>\t\t\t\t\t\t\t\t<\/div>\n\t\t\t\t<\/div>\n\t\t\t\t\t<\/div>\n\t\t\t\t<\/div>\n\t\t\t\t\t<\/div>\n\t\t\t\t<\/section>\n\t\t\t\t<\/div>\n\t\t","protected":false},"excerpt":{"rendered":"<p>Cookie-Richtlinie 1. Allgemeines AVELLANA (SC AVELANNA HARVEST NATURA SRL), Str. lon Luca Caragiale, Nr. 22, Arad, Richter. Arad, Rum\u00e4nien (\u201eAVELLANA\u201c oder \u201ewir\u201c oder \u201eneu\/uns\u201c) verwendet Cookies, um Ihnen ein besseres Online-Erlebnis zu bieten. Um das Beste aus Ihrer Website zu machen AVELLANA (&#8222;Website&#8220;), Ihr Computer, Tablet oder Mobiltelefon muss Cookies akzeptieren. Wir halten es f\u00fcr [&hellip;]<\/p>\n","protected":false},"author":1,"featured_media":0,"parent":0,"menu_order":0,"comment_status":"closed","ping_status":"closed","template":"","meta":{"_monsterinsights_skip_tracking":false,"_monsterinsights_sitenote_active":false,"_monsterinsights_sitenote_note":"","_monsterinsights_sitenote_category":0,"footnotes":""},"class_list":["post-4512","page","type-page","status-publish","hentry"],"yoast_head":"<!-- This site is optimized with the Yoast SEO plugin v26.6 - https:\/\/yoast.com\/wordpress\/plugins\/seo\/ -->\n<title>Cookie-Richtlinie - Avellana<\/title>\n<meta name=\"robots\" content=\"index, follow, max-snippet:-1, max-image-preview:large, max-video-preview:-1\" \/>\n<link rel=\"canonical\" href=\"https:\/\/avellana.ro\/de\/cookie-richtlinie\/\" \/>\n<meta property=\"og:locale\" content=\"de_DE\" \/>\n<meta property=\"og:type\" content=\"article\" \/>\n<meta property=\"og:title\" content=\"Cookie-Richtlinie - Avellana\" \/>\n<meta property=\"og:description\" content=\"Cookie-Richtlinie 1. Allgemeines AVELLANA (SC AVELANNA HARVEST NATURA SRL), Str. lon Luca Caragiale, Nr. 22, Arad, Richter. Arad, Rum\u00e4nien (\u201eAVELLANA\u201c oder \u201ewir\u201c oder \u201eneu\/uns\u201c) verwendet Cookies, um Ihnen ein besseres Online-Erlebnis zu bieten. Um das Beste aus Ihrer Website zu machen AVELLANA (&#8222;Website&#8220;), Ihr Computer, Tablet oder Mobiltelefon muss Cookies akzeptieren. Wir halten es f\u00fcr [&hellip;]\" \/>\n<meta property=\"og:url\" content=\"https:\/\/avellana.ro\/de\/cookie-richtlinie\/\" \/>\n<meta property=\"og:site_name\" content=\"Avellana\" \/>\n<meta property=\"article:modified_time\" content=\"2021-11-09T09:44:24+00:00\" \/>\n<meta name=\"twitter:card\" content=\"summary_large_image\" \/>\n<meta name=\"twitter:label1\" content=\"Gesch\u00e4tzte Lesezeit\" \/>\n\t<meta name=\"twitter:data1\" content=\"5\u00a0Minuten\" \/>\n<script type=\"application\/ld+json\" class=\"yoast-schema-graph\">{\"@context\":\"https:\/\/schema.org\",\"@graph\":[{\"@type\":\"WebPage\",\"@id\":\"https:\/\/avellana.ro\/de\/cookie-richtlinie\/\",\"url\":\"https:\/\/avellana.ro\/de\/cookie-richtlinie\/\",\"name\":\"Cookie-Richtlinie - Avellana\",\"isPartOf\":{\"@id\":\"https:\/\/avellana.ro\/de\/#website\"},\"datePublished\":\"2021-10-11T15:26:56+00:00\",\"dateModified\":\"2021-11-09T09:44:24+00:00\",\"breadcrumb\":{\"@id\":\"https:\/\/avellana.ro\/de\/cookie-richtlinie\/#breadcrumb\"},\"inLanguage\":\"de\",\"potentialAction\":[{\"@type\":\"ReadAction\",\"target\":[\"https:\/\/avellana.ro\/de\/cookie-richtlinie\/\"]}]},{\"@type\":\"BreadcrumbList\",\"@id\":\"https:\/\/avellana.ro\/de\/cookie-richtlinie\/#breadcrumb\",\"itemListElement\":[{\"@type\":\"ListItem\",\"position\":1,\"name\":\"Prima pagin\u0103\",\"item\":\"https:\/\/avellana.ro\/de\/\"},{\"@type\":\"ListItem\",\"position\":2,\"name\":\"Cookie-Richtlinie\"}]},{\"@type\":\"WebSite\",\"@id\":\"https:\/\/avellana.ro\/de\/#website\",\"url\":\"https:\/\/avellana.ro\/de\/\",\"name\":\"Avellana\",\"description\":\"Alune din pasiune pentru s\u0103n\u0103tate\",\"potentialAction\":[{\"@type\":\"SearchAction\",\"target\":{\"@type\":\"EntryPoint\",\"urlTemplate\":\"https:\/\/avellana.ro\/de\/?s={search_term_string}\"},\"query-input\":{\"@type\":\"PropertyValueSpecification\",\"valueRequired\":true,\"valueName\":\"search_term_string\"}}],\"inLanguage\":\"de\"}]}<\/script>\n<!-- \/ Yoast SEO plugin. -->","yoast_head_json":{"title":"Cookie-Richtlinie - Avellana","robots":{"index":"index","follow":"follow","max-snippet":"max-snippet:-1","max-image-preview":"max-image-preview:large","max-video-preview":"max-video-preview:-1"},"canonical":"https:\/\/avellana.ro\/de\/cookie-richtlinie\/","og_locale":"de_DE","og_type":"article","og_title":"Cookie-Richtlinie - Avellana","og_description":"Cookie-Richtlinie 1. Allgemeines AVELLANA (SC AVELANNA HARVEST NATURA SRL), Str. lon Luca Caragiale, Nr. 22, Arad, Richter. Arad, Rum\u00e4nien (\u201eAVELLANA\u201c oder \u201ewir\u201c oder \u201eneu\/uns\u201c) verwendet Cookies, um Ihnen ein besseres Online-Erlebnis zu bieten. Um das Beste aus Ihrer Website zu machen AVELLANA (&#8222;Website&#8220;), Ihr Computer, Tablet oder Mobiltelefon muss Cookies akzeptieren. Wir halten es f\u00fcr [&hellip;]","og_url":"https:\/\/avellana.ro\/de\/cookie-richtlinie\/","og_site_name":"Avellana","article_modified_time":"2021-11-09T09:44:24+00:00","twitter_card":"summary_large_image","twitter_misc":{"Gesch\u00e4tzte Lesezeit":"5\u00a0Minuten"},"schema":{"@context":"https:\/\/schema.org","@graph":[{"@type":"WebPage","@id":"https:\/\/avellana.ro\/de\/cookie-richtlinie\/","url":"https:\/\/avellana.ro\/de\/cookie-richtlinie\/","name":"Cookie-Richtlinie - Avellana","isPartOf":{"@id":"https:\/\/avellana.ro\/de\/#website"},"datePublished":"2021-10-11T15:26:56+00:00","dateModified":"2021-11-09T09:44:24+00:00","breadcrumb":{"@id":"https:\/\/avellana.ro\/de\/cookie-richtlinie\/#breadcrumb"},"inLanguage":"de","potentialAction":[{"@type":"ReadAction","target":["https:\/\/avellana.ro\/de\/cookie-richtlinie\/"]}]},{"@type":"BreadcrumbList","@id":"https:\/\/avellana.ro\/de\/cookie-richtlinie\/#breadcrumb","itemListElement":[{"@type":"ListItem","position":1,"name":"Prima pagin\u0103","item":"https:\/\/avellana.ro\/de\/"},{"@type":"ListItem","position":2,"name":"Cookie-Richtlinie"}]},{"@type":"WebSite","@id":"https:\/\/avellana.ro\/de\/#website","url":"https:\/\/avellana.ro\/de\/","name":"Avellana","description":"Alune din pasiune pentru s\u0103n\u0103tate","potentialAction":[{"@type":"SearchAction","target":{"@type":"EntryPoint","urlTemplate":"https:\/\/avellana.ro\/de\/?s={search_term_string}"},"query-input":{"@type":"PropertyValueSpecification","valueRequired":true,"valueName":"search_term_string"}}],"inLanguage":"de"}]}},"_links":{"self":[{"href":"https:\/\/avellana.ro\/de\/wp-json\/wp\/v2\/pages\/4512","targetHints":{"allow":["GET"]}}],"collection":[{"href":"https:\/\/avellana.ro\/de\/wp-json\/wp\/v2\/pages"}],"about":[{"href":"https:\/\/avellana.ro\/de\/wp-json\/wp\/v2\/types\/page"}],"author":[{"embeddable":true,"href":"https:\/\/avellana.ro\/de\/wp-json\/wp\/v2\/users\/1"}],"replies":[{"embeddable":true,"href":"https:\/\/avellana.ro\/de\/wp-json\/wp\/v2\/comments?post=4512"}],"version-history":[{"count":9,"href":"https:\/\/avellana.ro\/de\/wp-json\/wp\/v2\/pages\/4512\/revisions"}],"predecessor-version":[{"id":4761,"href":"https:\/\/avellana.ro\/de\/wp-json\/wp\/v2\/pages\/4512\/revisions\/4761"}],"wp:attachment":[{"href":"https:\/\/avellana.ro\/de\/wp-json\/wp\/v2\/media?parent=4512"}],"curies":[{"name":"wp","href":"https:\/\/api.w.org\/{rel}","templated":true}]}}